{"id":4882,"date":"2024-06-10T18:17:44","date_gmt":"2024-06-10T18:17:44","guid":{"rendered":"https:\/\/magnusconstrucoes.com.br\/?post_type=product&#038;p=4882"},"modified":"2024-07-18T18:25:02","modified_gmt":"2024-07-18T18:25:02","slug":"acabamento-rodaforro-convencional-pvc-barra-6m-mogno","status":"publish","type":"product","link":"https:\/\/magnusconstrucoes.com.br\/index.php\/produto\/acabamento-rodaforro-convencional-pvc-barra-6m-mogno\/","title":{"rendered":"RODAFORRO UNIVERSAL &#8220;U&#8221; 6000mm-MOGNO"},"content":{"rendered":"<div><strong>Especifica\u00e7\u00f5es:<\/strong><\/div>\n<div><\/div>\n<div><strong>Modelo:<\/strong><br \/>\nAcabamento Convencional PVC<\/div>\n<div><\/div>\n<div><strong>Comprimento:<\/strong><br \/>\n6,00m<\/div>\n<div><\/div>\n<div><strong>Largura instalado:<\/strong><br \/>\n2,00cm<\/div>\n<div><\/div>\n<div><strong>Garantia:<\/strong><br \/>\n1 ano contra defeitos de fabrica\u00e7\u00e3o<\/div>\n<div><\/div>\n<div><strong>Embalagem:<\/strong><br \/>\n10 pe\u00e7as (60,00m)<\/div>\n<div><\/div>\n<div><strong>Diferenciais:<\/strong><br \/>\nN\u00e3o propaga fogo, (Auto extingu\u00edvel) dispensa pintura, resistente \u00e0 umidade, \u00e9 imune a cupins, fungos e corros\u00e3o<\/div>\n","protected":false},"excerpt":{"rendered":"<div class=\"RichTextEditor__block___2Vs_D RichTextEditor__paragraph___3NTf9\" data-block=\"true\" data-editor=\"3sc26\" data-offset-key=\"besgq-0-0\">\n<div class=\"public-DraftStyleDefault-block public-DraftStyleDefault-ltr\" data-offset-key=\"besgq-0-0\"><strong>FRETE<\/strong><\/div>\n<\/div>\n<div class=\"RichTextEditor__block___2Vs_D RichTextEditor__paragraph___3NTf9\" data-block=\"true\" data-editor=\"3sc26\" data-offset-key=\"dhlts-0-0\">\n<div class=\"public-DraftStyleDefault-block public-DraftStyleDefault-ltr\" data-offset-key=\"dhlts-0-0\"><span data-offset-key=\"dhlts-0-0\">Frete Sob Consulta, EXCLUSIVAMENTE para as cidades de:<\/span><\/div>\n<\/div>\n<div class=\"RichTextEditor__block___2Vs_D RichTextEditor__paragraph___3NTf9\" data-block=\"true\" data-editor=\"3sc26\" data-offset-key=\"autbh-0-0\">\n<div class=\"public-DraftStyleDefault-block public-DraftStyleDefault-ltr\" data-offset-key=\"autbh-0-0\"><span data-offset-key=\"autbh-0-0\">SP Capital, Osasco , Barueri, Jandira, Embu Gua\u00e7u, Embu das Artes, Tabo\u00e3o da Serra, Itapecirica da Serra, Diadema, S\u00e3o Bernardo do Campo, Santo Andr\u00e9 e S\u00e3o Caetano do Sul<\/span><\/div>\n<\/div>\n<div class=\"RichTextEditor__block___2Vs_D RichTextEditor__paragraph___3NTf9\" data-block=\"true\" data-editor=\"3sc26\" data-offset-key=\"77v64-0-0\">\n<div class=\"public-DraftStyleDefault-block public-DraftStyleDefault-ltr\" data-offset-key=\"77v64-0-0\"><span data-offset-key=\"77v64-0-0\">Demais cidades somente com retirada em nossa <\/span><\/div>\n<div class=\"public-DraftStyleDefault-block public-DraftStyleDefault-ltr\" data-offset-key=\"77v64-0-0\"><strong>Expedi\u00e7\u00e3o:<\/strong><\/div>\n<\/div>\n<div class=\"RichTextEditor__block___2Vs_D RichTextEditor__paragraph___3NTf9\" data-block=\"true\" data-editor=\"3sc26\" data-offset-key=\"1lu75-0-0\">\n<div class=\"public-DraftStyleDefault-block public-DraftStyleDefault-ltr\" data-offset-key=\"1lu75-0-0\"><span data-offset-key=\"1lu75-0-0\">Avenida Jo\u00e3o Peixoto Viegas,120<\/span><\/div>\n<\/div>\n<div class=\"RichTextEditor__block___2Vs_D RichTextEditor__paragraph___3NTf9\" data-block=\"true\" data-editor=\"3sc26\" data-offset-key=\"b3fg5-0-0\">\n<div class=\"public-DraftStyleDefault-block public-DraftStyleDefault-ltr\" data-offset-key=\"b3fg5-0-0\"><span data-offset-key=\"b3fg5-0-0\">Jardim Consorcio \u2013 S\u00e3o Paulo \u2013 CEP 04437-000\u00a0<\/span><\/div>\n<\/div>\n<div class=\"RichTextEditor__block___2Vs_D RichTextEditor__paragraph___3NTf9\" data-block=\"true\" data-editor=\"3sc26\" data-offset-key=\"mm9n-0-0\">\n<div class=\"public-DraftStyleDefault-block public-DraftStyleDefault-ltr\" data-offset-key=\"mm9n-0-0\"><strong>FORMAS DE PAGAMENTO DE\u00a0<\/strong><\/div>\n<\/div>\n<div class=\"RichTextEditor__block___2Vs_D RichTextEditor__paragraph___3NTf9\" data-block=\"true\" data-editor=\"3sc26\" data-offset-key=\"2k9dr-0-0\">\n<div class=\"public-DraftStyleDefault-block public-DraftStyleDefault-ltr\" data-offset-key=\"2k9dr-0-0\"><span data-offset-key=\"2k9dr-0-0\">Pagamento Facilitado em at\u00e9 12 vezes.<\/span><\/div>\n<\/div>\n<div class=\"RichTextEditor__block___2Vs_D RichTextEditor__paragraph___3NTf9\" data-block=\"true\" data-editor=\"3sc26\" data-offset-key=\"7vtk8-0-0\">\n<div class=\"public-DraftStyleDefault-block public-DraftStyleDefault-ltr\" data-offset-key=\"7vtk8-0-0\"><span data-offset-key=\"7vtk8-0-0\">Consulte todas as condi\u00e7\u00f5es com um de nossos Consultores.\u00a0<\/span><\/div>\n<\/div>\n","protected":false},"featured_media":4883,"comment_status":"open","ping_status":"closed","template":"","meta":{"_joinchat":[]},"product_brand":[],"product_cat":[159,90],"product_tag":[160,100],"class_list":{"0":"post-4882","1":"product","2":"type-product","3":"status-publish","4":"has-post-thumbnail","6":"product_cat-forro-de-pvc-linear","7":"product_cat-forros","8":"product_tag-forro-de-pvc","9":"product_tag-plasbil","11":"first","12":"instock","13":"shipping-taxable","14":"purchasable","15":"product-type-simple","16":"add-to-wishlist-after_add_to_cart"},"jetpack_sharing_enabled":true,"_links":{"self":[{"href":"https:\/\/magnusconstrucoes.com.br\/index.php\/wp-json\/wp\/v2\/product\/4882","targetHints":{"allow":["GET"]}}],"collection":[{"href":"https:\/\/magnusconstrucoes.com.br\/index.php\/wp-json\/wp\/v2\/product"}],"about":[{"href":"https:\/\/magnusconstrucoes.com.br\/index.php\/wp-json\/wp\/v2\/types\/product"}],"replies":[{"embeddable":true,"href":"https:\/\/magnusconstrucoes.com.br\/index.php\/wp-json\/wp\/v2\/comments?post=4882"}],"wp:featuredmedia":[{"embeddable":true,"href":"https:\/\/magnusconstrucoes.com.br\/index.php\/wp-json\/wp\/v2\/media\/4883"}],"wp:attachment":[{"href":"https:\/\/magnusconstrucoes.com.br\/index.php\/wp-json\/wp\/v2\/media?parent=4882"}],"wp:term":[{"taxonomy":"product_brand","embeddable":true,"href":"https:\/\/magnusconstrucoes.com.br\/index.php\/wp-json\/wp\/v2\/product_brand?post=4882"},{"taxonomy":"product_cat","embeddable":true,"href":"https:\/\/magnusconstrucoes.com.br\/index.php\/wp-json\/wp\/v2\/product_cat?post=4882"},{"taxonomy":"product_tag","embeddable":true,"href":"https:\/\/magnusconstrucoes.com.br\/index.php\/wp-json\/wp\/v2\/product_tag?post=4882"}],"curies":[{"name":"wp","href":"https:\/\/api.w.org\/{rel}","templated":true}]}}