{"id":4868,"date":"2024-06-10T17:26:28","date_gmt":"2024-06-10T17:26:28","guid":{"rendered":"https:\/\/magnusconstrucoes.com.br\/?post_type=product&#038;p=4868"},"modified":"2024-07-19T12:10:31","modified_gmt":"2024-07-19T12:10:31","slug":"placa-forro-de-isopor-colmeia-625x625x20mm","status":"publish","type":"product","link":"https:\/\/magnusconstrucoes.com.br\/index.php\/produto\/placa-forro-de-isopor-colmeia-625x625x20mm\/","title":{"rendered":"PLACA FORRO DE ISOPOR COLMEIA 625X625X20mm"},"content":{"rendered":"<h3>A EME est\u00e1 sempre na busca por inova\u00e7\u00f5es e melhores solu\u00e7\u00f5es para os seus clientes, por esse motivo desenvolveu o Forrocryl Colm\u00e9ia, um forro moderno desenvolvido em Isopor (EPS) moldado de alto padr\u00e3o, com um design arrojado que auxilia na ventila\u00e7\u00e3o e ilumina\u00e7\u00e3o do ambiente com um \u00f3timo resultado est\u00e9tico.<br \/>\nProduzido em Isopor com detalhes vazados, o Forrocryl Colm\u00e9ia pode ser apoiado em estruturas constru\u00eddas com perfis \u201cT\u201d, sendo facilmente instalado em com\u00e9rcios e residencias, facilitando o acesso as instala\u00e7\u00f5es sobre o forro para eventuais manuten\u00e7\u00f5es.<br \/>\nA Colm\u00e9ia de Isopor da EME Ind\u00fastria \u00e9 a melhor solu\u00e7\u00e3o para a sua obra!<\/h3>\n","protected":false},"excerpt":{"rendered":"<div class=\"RichTextEditor__block___2Vs_D RichTextEditor__paragraph___3NTf9\" data-block=\"true\" data-editor=\"3sc26\" data-offset-key=\"besgq-0-0\">\n<div class=\"public-DraftStyleDefault-block public-DraftStyleDefault-ltr\" data-offset-key=\"besgq-0-0\"><strong>FRETE<\/strong><\/div>\n<\/div>\n<div class=\"RichTextEditor__block___2Vs_D RichTextEditor__paragraph___3NTf9\" data-block=\"true\" data-editor=\"3sc26\" data-offset-key=\"dhlts-0-0\">\n<div class=\"public-DraftStyleDefault-block public-DraftStyleDefault-ltr\" data-offset-key=\"dhlts-0-0\"><span data-offset-key=\"dhlts-0-0\">Frete Sob Consulta, EXCLUSIVAMENTE para as cidades de:<\/span><\/div>\n<\/div>\n<div class=\"RichTextEditor__block___2Vs_D RichTextEditor__paragraph___3NTf9\" data-block=\"true\" data-editor=\"3sc26\" data-offset-key=\"autbh-0-0\">\n<div class=\"public-DraftStyleDefault-block public-DraftStyleDefault-ltr\" data-offset-key=\"autbh-0-0\"><span data-offset-key=\"autbh-0-0\">SP Capital, Osasco , Barueri, Jandira, Embu Gua\u00e7u, Embu das Artes, Tabo\u00e3o da Serra, Itapecirica da Serra, Diadema, S\u00e3o Bernardo do Campo, Santo Andr\u00e9 e S\u00e3o Caetano do Sul<\/span><\/div>\n<\/div>\n<div class=\"RichTextEditor__block___2Vs_D RichTextEditor__paragraph___3NTf9\" data-block=\"true\" data-editor=\"3sc26\" data-offset-key=\"77v64-0-0\">\n<div class=\"public-DraftStyleDefault-block public-DraftStyleDefault-ltr\" data-offset-key=\"77v64-0-0\"><span data-offset-key=\"77v64-0-0\">Demais cidades somente com retirada em nossa <\/span><\/div>\n<div class=\"public-DraftStyleDefault-block public-DraftStyleDefault-ltr\" data-offset-key=\"77v64-0-0\"><strong>Expedi\u00e7\u00e3o:<\/strong><\/div>\n<\/div>\n<div class=\"RichTextEditor__block___2Vs_D RichTextEditor__paragraph___3NTf9\" data-block=\"true\" data-editor=\"3sc26\" data-offset-key=\"1lu75-0-0\">\n<div class=\"public-DraftStyleDefault-block public-DraftStyleDefault-ltr\" data-offset-key=\"1lu75-0-0\"><span data-offset-key=\"1lu75-0-0\">Avenida Jo\u00e3o Peixoto Viegas,120<\/span><\/div>\n<\/div>\n<div class=\"RichTextEditor__block___2Vs_D RichTextEditor__paragraph___3NTf9\" data-block=\"true\" data-editor=\"3sc26\" data-offset-key=\"b3fg5-0-0\">\n<div class=\"public-DraftStyleDefault-block public-DraftStyleDefault-ltr\" data-offset-key=\"b3fg5-0-0\"><span data-offset-key=\"b3fg5-0-0\">Jardim Consorcio \u2013 S\u00e3o Paulo \u2013 CEP 04437-000\u00a0<\/span><\/div>\n<\/div>\n<div class=\"RichTextEditor__block___2Vs_D RichTextEditor__paragraph___3NTf9\" data-block=\"true\" data-editor=\"3sc26\" data-offset-key=\"mm9n-0-0\">\n<div class=\"public-DraftStyleDefault-block public-DraftStyleDefault-ltr\" data-offset-key=\"mm9n-0-0\"><strong>FORMAS DE PAGAMENTO DE\u00a0<\/strong><\/div>\n<\/div>\n<div class=\"RichTextEditor__block___2Vs_D RichTextEditor__paragraph___3NTf9\" data-block=\"true\" data-editor=\"3sc26\" data-offset-key=\"2k9dr-0-0\">\n<div class=\"public-DraftStyleDefault-block public-DraftStyleDefault-ltr\" data-offset-key=\"2k9dr-0-0\"><span data-offset-key=\"2k9dr-0-0\">Pagamento Facilitado em at\u00e9 12 vezes.<\/span><\/div>\n<\/div>\n<div class=\"RichTextEditor__block___2Vs_D RichTextEditor__paragraph___3NTf9\" data-block=\"true\" data-editor=\"3sc26\" data-offset-key=\"7vtk8-0-0\">\n<div class=\"public-DraftStyleDefault-block public-DraftStyleDefault-ltr\" data-offset-key=\"7vtk8-0-0\"><span data-offset-key=\"7vtk8-0-0\">Consulte todas as condi\u00e7\u00f5es com um de nossos Consultores.\u00a0<\/span><\/div>\n<\/div>\n","protected":false},"featured_media":4869,"comment_status":"open","ping_status":"closed","template":"","meta":{"_joinchat":[]},"product_brand":[],"product_cat":[155,90],"product_tag":[157,158,156],"class_list":{"0":"post-4868","1":"product","2":"type-product","3":"status-publish","4":"has-post-thumbnail","6":"product_cat-forrocryl","7":"product_cat-forros","8":"product_tag-colmeia","9":"product_tag-forro-de-isopor","10":"product_tag-forro-de-isopor-forrocryl-eme","12":"first","13":"instock","14":"shipping-taxable","15":"purchasable","16":"product-type-simple","17":"add-to-wishlist-after_add_to_cart"},"jetpack_sharing_enabled":true,"_links":{"self":[{"href":"https:\/\/magnusconstrucoes.com.br\/index.php\/wp-json\/wp\/v2\/product\/4868","targetHints":{"allow":["GET"]}}],"collection":[{"href":"https:\/\/magnusconstrucoes.com.br\/index.php\/wp-json\/wp\/v2\/product"}],"about":[{"href":"https:\/\/magnusconstrucoes.com.br\/index.php\/wp-json\/wp\/v2\/types\/product"}],"replies":[{"embeddable":true,"href":"https:\/\/magnusconstrucoes.com.br\/index.php\/wp-json\/wp\/v2\/comments?post=4868"}],"wp:featuredmedia":[{"embeddable":true,"href":"https:\/\/magnusconstrucoes.com.br\/index.php\/wp-json\/wp\/v2\/media\/4869"}],"wp:attachment":[{"href":"https:\/\/magnusconstrucoes.com.br\/index.php\/wp-json\/wp\/v2\/media?parent=4868"}],"wp:term":[{"taxonomy":"product_brand","embeddable":true,"href":"https:\/\/magnusconstrucoes.com.br\/index.php\/wp-json\/wp\/v2\/product_brand?post=4868"},{"taxonomy":"product_cat","embeddable":true,"href":"https:\/\/magnusconstrucoes.com.br\/index.php\/wp-json\/wp\/v2\/product_cat?post=4868"},{"taxonomy":"product_tag","embeddable":true,"href":"https:\/\/magnusconstrucoes.com.br\/index.php\/wp-json\/wp\/v2\/product_tag?post=4868"}],"curies":[{"name":"wp","href":"https:\/\/api.w.org\/{rel}","templated":true}]}}