{"id":4854,"date":"2024-06-10T15:25:53","date_gmt":"2024-06-10T15:25:53","guid":{"rendered":"https:\/\/magnusconstrucoes.com.br\/?post_type=product&#038;p=4854"},"modified":"2024-07-05T00:08:21","modified_gmt":"2024-07-05T00:08:21","slug":"forro-mineral-polaris-tegular-t24-625x625x14mm-caixa-com-12-pcs","status":"publish","type":"product","link":"https:\/\/magnusconstrucoes.com.br\/index.php\/produto\/forro-mineral-polaris-tegular-t24-625x625x14mm-caixa-com-12-pcs\/","title":{"rendered":"Forro Mineral Polaris Tegular T24 625x625x14mm Caixa com 12 P\u00e7s"},"content":{"rendered":"<table border=\"0\" cellspacing=\"0\">\n<tbody>\n<tr>\n<td valign=\"top\">\n<table border=\"0\" cellspacing=\"0\">\n<tbody>\n<tr>\n<td colspan=\"2\" valign=\"top\"><strong>INFORMA\u00c7\u00d5ES T\u00c9CNICAS<\/strong><\/p>\n<p>&nbsp;<\/p>\n<hr \/>\n<p>&nbsp;<\/td>\n<\/tr>\n<tr>\n<td scope=\"col\" valign=\"top\" width=\"149\"><strong>Material<\/strong><\/td>\n<td valign=\"top\" width=\"245\">Fibra mineral com compostos naturais, livre de formalde\u00eddo, resistente a fungos e bact\u00e9rias (DIN 53739), com pintura acr\u00edlica de a\u00e7\u00e3o bacteriost\u00e1tica.<\/p>\n<p>&nbsp;<\/p>\n<hr \/>\n<p>&nbsp;<\/td>\n<\/tr>\n<tr>\n<td valign=\"top\"><strong>Cor<\/strong><\/td>\n<td valign=\"top\">Branco<\/p>\n<p>&nbsp;<\/p>\n<hr \/>\n<p>&nbsp;<\/td>\n<\/tr>\n<tr>\n<td valign=\"top\"><strong>Espessura<\/strong><\/td>\n<td valign=\"top\">14 mm<\/p>\n<p>&nbsp;<\/p>\n<hr \/>\n<p>&nbsp;<\/td>\n<\/tr>\n<tr>\n<td valign=\"top\"><strong>Densidade<\/strong><\/td>\n<td valign=\"top\">Aprox. 280 kg\/m\u00b3<\/p>\n<p>&nbsp;<\/p>\n<hr \/>\n<p>&nbsp;<\/td>\n<\/tr>\n<tr>\n<td valign=\"top\"><strong>Peso<\/strong><\/td>\n<td valign=\"top\">3,7 kg\/m<sup>2<\/sup><\/p>\n<p>&nbsp;<\/p>\n<hr \/>\n<p>&nbsp;<\/td>\n<\/tr>\n<tr>\n<td valign=\"top\"><strong>Dimens\u00f5es<\/strong><\/td>\n<td scope=\"col\" valign=\"top\">\n<table border=\"0\" cellspacing=\"0\" cellpadding=\"0\">\n<tbody>\n<tr>\n<td>625 x 625 mm<\/p>\n<p>&nbsp;<\/p>\n<hr \/>\n<p>&nbsp;<\/td>\n<td>&nbsp;<\/p>\n<p>&nbsp;<\/p>\n<p>&nbsp;<\/td>\n<td>&nbsp;<\/p>\n<p>&nbsp;<\/td>\n<\/tr>\n<\/tbody>\n<\/table>\n<\/td>\n<\/tr>\n<tr>\n<td valign=\"top\"><strong>Tipo de borda<\/strong><\/td>\n<td valign=\"top\">\n<table border=\"0\" cellspacing=\"0\" cellpadding=\"0\">\n<tbody>\n<tr>\n<td>Tegular<\/p>\n<p>&nbsp;<\/p>\n<hr \/>\n<p>&nbsp;<\/td>\n<td>&nbsp;<\/p>\n<p>&nbsp;<\/p>\n<hr \/>\n<\/td>\n<td>&nbsp;<\/p>\n<p>&nbsp;<\/p>\n<hr \/>\n<p>&nbsp;<\/td>\n<\/tr>\n<\/tbody>\n<\/table>\n<\/td>\n<\/tr>\n<tr>\n<td valign=\"top\"><strong>Embalagem<\/strong><\/td>\n<td valign=\"top\">\n<table border=\"0\" cellspacing=\"0\" cellpadding=\"0\">\n<tbody>\n<tr>\n<td>12 placas<br \/>\n(4,69 m<sup>2<\/sup>)<\/p>\n<p>&nbsp;<\/p>\n<hr \/>\n<p>&nbsp;<\/td>\n<td><\/td>\n<td>&nbsp;<\/p>\n<hr \/>\n<\/td>\n<\/tr>\n<\/tbody>\n<\/table>\n<\/td>\n<\/tr>\n<\/tbody>\n<\/table>\n<\/td>\n<\/tr>\n<\/tbody>\n<\/table>\n","protected":false},"excerpt":{"rendered":"<div class=\"RichTextEditor__block___2Vs_D RichTextEditor__paragraph___3NTf9\" data-block=\"true\" data-editor=\"3sc26\" data-offset-key=\"besgq-0-0\">\n<div class=\"public-DraftStyleDefault-block public-DraftStyleDefault-ltr\" data-offset-key=\"besgq-0-0\"><strong>FRETE<\/strong><\/div>\n<\/div>\n<div class=\"RichTextEditor__block___2Vs_D RichTextEditor__paragraph___3NTf9\" data-block=\"true\" data-editor=\"3sc26\" data-offset-key=\"dhlts-0-0\">\n<div class=\"public-DraftStyleDefault-block public-DraftStyleDefault-ltr\" data-offset-key=\"dhlts-0-0\"><span data-offset-key=\"dhlts-0-0\">Frete Sob Consulta, EXCLUSIVAMENTE para as cidades de:<\/span><\/div>\n<\/div>\n<div class=\"RichTextEditor__block___2Vs_D RichTextEditor__paragraph___3NTf9\" data-block=\"true\" data-editor=\"3sc26\" data-offset-key=\"autbh-0-0\">\n<div class=\"public-DraftStyleDefault-block public-DraftStyleDefault-ltr\" data-offset-key=\"autbh-0-0\"><span data-offset-key=\"autbh-0-0\">SP Capital, Osasco , Barueri, Jandira, Embu Gua\u00e7u, Embu das Artes, Tabo\u00e3o da Serra, Itapecirica da Serra, Diadema, S\u00e3o Bernardo do Campo, Santo Andr\u00e9 e S\u00e3o Caetano do Sul<\/span><\/div>\n<\/div>\n<div class=\"RichTextEditor__block___2Vs_D RichTextEditor__paragraph___3NTf9\" data-block=\"true\" data-editor=\"3sc26\" data-offset-key=\"77v64-0-0\">\n<div class=\"public-DraftStyleDefault-block public-DraftStyleDefault-ltr\" data-offset-key=\"77v64-0-0\"><span data-offset-key=\"77v64-0-0\">Demais cidades somente com retirada em nossa <\/span><\/div>\n<div class=\"public-DraftStyleDefault-block public-DraftStyleDefault-ltr\" data-offset-key=\"77v64-0-0\"><strong>Expedi\u00e7\u00e3o:<\/strong><\/div>\n<\/div>\n<div class=\"RichTextEditor__block___2Vs_D RichTextEditor__paragraph___3NTf9\" data-block=\"true\" data-editor=\"3sc26\" data-offset-key=\"1lu75-0-0\">\n<div class=\"public-DraftStyleDefault-block public-DraftStyleDefault-ltr\" data-offset-key=\"1lu75-0-0\"><span data-offset-key=\"1lu75-0-0\">Avenida Jo\u00e3o Peixoto Viegas,120<\/span><\/div>\n<\/div>\n<div class=\"RichTextEditor__block___2Vs_D RichTextEditor__paragraph___3NTf9\" data-block=\"true\" data-editor=\"3sc26\" data-offset-key=\"b3fg5-0-0\">\n<div class=\"public-DraftStyleDefault-block public-DraftStyleDefault-ltr\" data-offset-key=\"b3fg5-0-0\"><span data-offset-key=\"b3fg5-0-0\">Jardim Consorcio \u2013 S\u00e3o Paulo \u2013 CEP 04437-000\u00a0<\/span><\/div>\n<\/div>\n<div class=\"RichTextEditor__block___2Vs_D RichTextEditor__paragraph___3NTf9\" data-block=\"true\" data-editor=\"3sc26\" data-offset-key=\"mm9n-0-0\">\n<div class=\"public-DraftStyleDefault-block public-DraftStyleDefault-ltr\" data-offset-key=\"mm9n-0-0\"><strong>FORMAS DE PAGAMENTO DE\u00a0<\/strong><\/div>\n<\/div>\n<div class=\"RichTextEditor__block___2Vs_D RichTextEditor__paragraph___3NTf9\" data-block=\"true\" data-editor=\"3sc26\" data-offset-key=\"2k9dr-0-0\">\n<div class=\"public-DraftStyleDefault-block public-DraftStyleDefault-ltr\" data-offset-key=\"2k9dr-0-0\"><span data-offset-key=\"2k9dr-0-0\">Pagamento Facilitado em at\u00e9 12 vezes.<\/span><\/div>\n<\/div>\n<div class=\"RichTextEditor__block___2Vs_D RichTextEditor__paragraph___3NTf9\" data-block=\"true\" data-editor=\"3sc26\" data-offset-key=\"7vtk8-0-0\">\n<div class=\"public-DraftStyleDefault-block public-DraftStyleDefault-ltr\" data-offset-key=\"7vtk8-0-0\"><span data-offset-key=\"7vtk8-0-0\">Consulte todas as condi\u00e7\u00f5es com um de nossos Consultores.\u00a0<\/span><\/div>\n<\/div>\n","protected":false},"featured_media":4857,"comment_status":"open","ping_status":"closed","template":"","meta":{"_joinchat":[]},"product_brand":[],"product_cat":[138,90],"product_tag":[148,140,149],"class_list":{"0":"post-4854","1":"product","2":"type-product","3":"status-publish","4":"has-post-thumbnail","6":"product_cat-forro-mineral","7":"product_cat-forros","8":"product_tag-forro-mineral-tegular","9":"product_tag-hunter-douglas","10":"product_tag-polaris","12":"first","13":"onbackorder","14":"featured","15":"shipping-taxable","16":"product-type-simple","17":"add-to-wishlist-after_add_to_cart"},"jetpack_sharing_enabled":true,"_links":{"self":[{"href":"https:\/\/magnusconstrucoes.com.br\/index.php\/wp-json\/wp\/v2\/product\/4854","targetHints":{"allow":["GET"]}}],"collection":[{"href":"https:\/\/magnusconstrucoes.com.br\/index.php\/wp-json\/wp\/v2\/product"}],"about":[{"href":"https:\/\/magnusconstrucoes.com.br\/index.php\/wp-json\/wp\/v2\/types\/product"}],"replies":[{"embeddable":true,"href":"https:\/\/magnusconstrucoes.com.br\/index.php\/wp-json\/wp\/v2\/comments?post=4854"}],"wp:featuredmedia":[{"embeddable":true,"href":"https:\/\/magnusconstrucoes.com.br\/index.php\/wp-json\/wp\/v2\/media\/4857"}],"wp:attachment":[{"href":"https:\/\/magnusconstrucoes.com.br\/index.php\/wp-json\/wp\/v2\/media?parent=4854"}],"wp:term":[{"taxonomy":"product_brand","embeddable":true,"href":"https:\/\/magnusconstrucoes.com.br\/index.php\/wp-json\/wp\/v2\/product_brand?post=4854"},{"taxonomy":"product_cat","embeddable":true,"href":"https:\/\/magnusconstrucoes.com.br\/index.php\/wp-json\/wp\/v2\/product_cat?post=4854"},{"taxonomy":"product_tag","embeddable":true,"href":"https:\/\/magnusconstrucoes.com.br\/index.php\/wp-json\/wp\/v2\/product_tag?post=4854"}],"curies":[{"name":"wp","href":"https:\/\/api.w.org\/{rel}","templated":true}]}}