{"id":4491,"date":"2024-05-31T12:56:57","date_gmt":"2024-05-31T12:56:57","guid":{"rendered":"https:\/\/magnusconstrucoes.com.br\/?post_type=product&#038;p=4491"},"modified":"2024-07-18T12:57:52","modified_gmt":"2024-07-18T12:57:52","slug":"modulo-de-vidro-liso-incolor-de-3mm-1-050x1-175","status":"publish","type":"product","link":"https:\/\/magnusconstrucoes.com.br\/index.php\/produto\/modulo-de-vidro-liso-incolor-de-3mm-1-050x1-175\/","title":{"rendered":"MODULO DE VIDRO LISO INCOLOR DE 3MM 1.050&#215;1.175"},"content":{"rendered":"<h3 data-fontsize=\"16\" data-lineheight=\"24\">Viabilizar o projeto do escrit\u00f3rio \u00e9 uma das fun\u00e7\u00f5es das divis\u00f3rias de vidro para empresas<\/h3>\n<p>Mat\u00e9ria prima de qualidade e alto n\u00edvel de acabamento<\/p>\n<p>Espessura:\u00a0 3mm<\/p>\n<p>Dimens\u00e3o: 1.050&#215;1.175<\/p>\n<p>Cor: INCOLOR<\/p>\n<p>Tipo:\u00a0 Liso<\/p>\n","protected":false},"excerpt":{"rendered":"<div class=\"RichTextEditor__block___2Vs_D RichTextEditor__paragraph___3NTf9\" data-block=\"true\" data-editor=\"3sc26\" data-offset-key=\"besgq-0-0\">\n<div class=\"public-DraftStyleDefault-block public-DraftStyleDefault-ltr\" data-offset-key=\"besgq-0-0\"><strong>FRETE<\/strong><\/div>\n<\/div>\n<div class=\"RichTextEditor__block___2Vs_D RichTextEditor__paragraph___3NTf9\" data-block=\"true\" data-editor=\"3sc26\" data-offset-key=\"dhlts-0-0\">\n<div class=\"public-DraftStyleDefault-block public-DraftStyleDefault-ltr\" data-offset-key=\"dhlts-0-0\"><span data-offset-key=\"dhlts-0-0\">Frete Sob Consulta, EXCLUSIVAMENTE para as cidades de:<\/span><\/div>\n<\/div>\n<div class=\"RichTextEditor__block___2Vs_D RichTextEditor__paragraph___3NTf9\" data-block=\"true\" data-editor=\"3sc26\" data-offset-key=\"autbh-0-0\">\n<div class=\"public-DraftStyleDefault-block public-DraftStyleDefault-ltr\" data-offset-key=\"autbh-0-0\"><span data-offset-key=\"autbh-0-0\">SP Capital, Osasco , Barueri, Jandira, Embu Gua\u00e7u, Embu das Artes, Tabo\u00e3o da Serra, Itapecirica da Serra, Diadema, S\u00e3o Bernardo do Campo, Santo Andr\u00e9 e S\u00e3o Caetano do Sul<\/span><\/div>\n<\/div>\n<div class=\"RichTextEditor__block___2Vs_D RichTextEditor__paragraph___3NTf9\" data-block=\"true\" data-editor=\"3sc26\" data-offset-key=\"77v64-0-0\">\n<div class=\"public-DraftStyleDefault-block public-DraftStyleDefault-ltr\" data-offset-key=\"77v64-0-0\"><span data-offset-key=\"77v64-0-0\">Demais cidades somente com retirada em nossa <\/span><\/div>\n<div class=\"public-DraftStyleDefault-block public-DraftStyleDefault-ltr\" data-offset-key=\"77v64-0-0\"><strong>Expedi\u00e7\u00e3o:<\/strong><\/div>\n<\/div>\n<div class=\"RichTextEditor__block___2Vs_D RichTextEditor__paragraph___3NTf9\" data-block=\"true\" data-editor=\"3sc26\" data-offset-key=\"1lu75-0-0\">\n<div class=\"public-DraftStyleDefault-block public-DraftStyleDefault-ltr\" data-offset-key=\"1lu75-0-0\"><span data-offset-key=\"1lu75-0-0\">Avenida Jo\u00e3o Peixoto Viegas,120<\/span><\/div>\n<\/div>\n<div class=\"RichTextEditor__block___2Vs_D RichTextEditor__paragraph___3NTf9\" data-block=\"true\" data-editor=\"3sc26\" data-offset-key=\"b3fg5-0-0\">\n<div class=\"public-DraftStyleDefault-block public-DraftStyleDefault-ltr\" data-offset-key=\"b3fg5-0-0\"><span data-offset-key=\"b3fg5-0-0\">Jardim Consorcio \u2013 S\u00e3o Paulo \u2013 CEP 04437-000\u00a0<\/span><\/div>\n<\/div>\n<div class=\"RichTextEditor__block___2Vs_D RichTextEditor__paragraph___3NTf9\" data-block=\"true\" data-editor=\"3sc26\" data-offset-key=\"mm9n-0-0\">\n<div class=\"public-DraftStyleDefault-block public-DraftStyleDefault-ltr\" data-offset-key=\"mm9n-0-0\"><strong>FORMAS DE PAGAMENTO DE\u00a0<\/strong><\/div>\n<\/div>\n<div class=\"RichTextEditor__block___2Vs_D RichTextEditor__paragraph___3NTf9\" data-block=\"true\" data-editor=\"3sc26\" data-offset-key=\"2k9dr-0-0\">\n<div class=\"public-DraftStyleDefault-block public-DraftStyleDefault-ltr\" data-offset-key=\"2k9dr-0-0\"><span data-offset-key=\"2k9dr-0-0\">Pagamento Facilitado em at\u00e9 12 vezes.<\/span><\/div>\n<\/div>\n<div class=\"RichTextEditor__block___2Vs_D RichTextEditor__paragraph___3NTf9\" data-block=\"true\" data-editor=\"3sc26\" data-offset-key=\"7vtk8-0-0\">\n<div class=\"public-DraftStyleDefault-block public-DraftStyleDefault-ltr\" data-offset-key=\"7vtk8-0-0\"><span data-offset-key=\"7vtk8-0-0\">Consulte todas as condi\u00e7\u00f5es com um de nossos Consultores.\u00a0<\/span><\/div>\n<\/div>\n","protected":false},"featured_media":4492,"comment_status":"open","ping_status":"closed","template":"","meta":{"_joinchat":[]},"product_brand":[],"product_cat":[103],"product_tag":[105,104],"class_list":{"0":"post-4491","1":"product","2":"type-product","3":"status-publish","4":"has-post-thumbnail","6":"product_cat-perfis-e-acessorios","7":"product_tag-espuma-para-vidro","8":"product_tag-tarugo","10":"first","11":"instock","12":"shipping-taxable","13":"purchasable","14":"product-type-simple","15":"add-to-wishlist-after_add_to_cart"},"jetpack_sharing_enabled":true,"_links":{"self":[{"href":"https:\/\/magnusconstrucoes.com.br\/index.php\/wp-json\/wp\/v2\/product\/4491","targetHints":{"allow":["GET"]}}],"collection":[{"href":"https:\/\/magnusconstrucoes.com.br\/index.php\/wp-json\/wp\/v2\/product"}],"about":[{"href":"https:\/\/magnusconstrucoes.com.br\/index.php\/wp-json\/wp\/v2\/types\/product"}],"replies":[{"embeddable":true,"href":"https:\/\/magnusconstrucoes.com.br\/index.php\/wp-json\/wp\/v2\/comments?post=4491"}],"wp:featuredmedia":[{"embeddable":true,"href":"https:\/\/magnusconstrucoes.com.br\/index.php\/wp-json\/wp\/v2\/media\/4492"}],"wp:attachment":[{"href":"https:\/\/magnusconstrucoes.com.br\/index.php\/wp-json\/wp\/v2\/media?parent=4491"}],"wp:term":[{"taxonomy":"product_brand","embeddable":true,"href":"https:\/\/magnusconstrucoes.com.br\/index.php\/wp-json\/wp\/v2\/product_brand?post=4491"},{"taxonomy":"product_cat","embeddable":true,"href":"https:\/\/magnusconstrucoes.com.br\/index.php\/wp-json\/wp\/v2\/product_cat?post=4491"},{"taxonomy":"product_tag","embeddable":true,"href":"https:\/\/magnusconstrucoes.com.br\/index.php\/wp-json\/wp\/v2\/product_tag?post=4491"}],"curies":[{"name":"wp","href":"https:\/\/api.w.org\/{rel}","templated":true}]}}